{"id":1219,"date":"2016-02-02T14:46:25","date_gmt":"2016-02-02T14:46:25","guid":{"rendered":"http:\/\/demo.themegrill.com\/estore\/?post_type=product&#038;p=183"},"modified":"2021-09-10T06:18:56","modified_gmt":"2021-09-10T06:18:56","slug":"womens-sandal-2","status":"publish","type":"product","link":"https:\/\/store.multindo-technology.com\/?product=womens-sandal-2","title":{"rendered":"HEAVY DUTY TILE CUTTER (Industrial) 600MM 41032 TOLSEN"},"content":{"rendered":"<p>HEAVY DUTY TILE CUTTER<br \/>\n\u2022 Replacable cutting blades:\u00d815x\u00d86\u00d71.5mm<br \/>\n\u2022 Max cutting: 12mm<br \/>\n\u2022 Packing: color box<br \/>\n41032<\/p>\n","protected":false},"excerpt":{"rendered":"<h1 class=\"css-1wtrxts\" data-testid=\"lblPDPDetailProductName\">HEAVY DUTY TILE CUTTER (Industrial) 600MM 41032 TOLSEN<\/h1>\n","protected":false},"featured_media":1443,"comment_status":"open","ping_status":"closed","template":"","meta":[],"product_cat":[74,18],"product_tag":[],"_links":{"self":[{"href":"https:\/\/store.multindo-technology.com\/index.php?rest_route=\/wp\/v2\/product\/1219"}],"collection":[{"href":"https:\/\/store.multindo-technology.com\/index.php?rest_route=\/wp\/v2\/product"}],"about":[{"href":"https:\/\/store.multindo-technology.com\/index.php?rest_route=\/wp\/v2\/types\/product"}],"replies":[{"embeddable":true,"href":"https:\/\/store.multindo-technology.com\/index.php?rest_route=%2Fwp%2Fv2%2Fcomments&post=1219"}],"wp:featuredmedia":[{"embeddable":true,"href":"https:\/\/store.multindo-technology.com\/index.php?rest_route=\/wp\/v2\/media\/1443"}],"wp:attachment":[{"href":"https:\/\/store.multindo-technology.com\/index.php?rest_route=%2Fwp%2Fv2%2Fmedia&parent=1219"}],"wp:term":[{"taxonomy":"product_cat","embeddable":true,"href":"https:\/\/store.multindo-technology.com\/index.php?rest_route=%2Fwp%2Fv2%2Fproduct_cat&post=1219"},{"taxonomy":"product_tag","embeddable":true,"href":"https:\/\/store.multindo-technology.com\/index.php?rest_route=%2Fwp%2Fv2%2Fproduct_tag&post=1219"}],"curies":[{"name":"wp","href":"https:\/\/api.w.org\/{rel}","templated":true}]}}